{"id":564,"date":"2023-11-29T10:08:43","date_gmt":"2023-11-29T09:08:43","guid":{"rendered":"https:\/\/www.anavoyantemedium.com\/?page_id=564"},"modified":"2023-11-29T10:08:43","modified_gmt":"2023-11-29T09:08:43","slug":"panier","status":"publish","type":"page","link":"https:\/\/www.anavoyantemedium.com\/?page_id=564","title":{"rendered":"Panier"},"content":{"rendered":"\n<div data-block-name=\"woocommerce\/cart\" class=\"wp-block-woocommerce-cart alignwide is-loading\">\n<div data-block-name=\"woocommerce\/filled-cart-block\" class=\"wp-block-woocommerce-filled-cart-block\">\n<div data-block-name=\"woocommerce\/cart-items-block\" class=\"wp-block-woocommerce-cart-items-block\">\n<div data-block-name=\"woocommerce\/cart-line-items-block\" class=\"wp-block-woocommerce-cart-line-items-block\"><\/div>\n\n\n\n<div data-block-name=\"woocommerce\/cart-cross-sells-block\" class=\"wp-block-woocommerce-cart-cross-sells-block\">\n<h2 class=\"wp-block-heading has-large-font-size\">\u00c7a peut vous int\u00e9resser&#8230;<\/h2>\n\n\n\n<div data-block-name=\"woocommerce\/cart-cross-sells-products-block\" class=\"wp-block-woocommerce-cart-cross-sells-products-block\"><\/div>\n<\/div>\n<\/div>\n\n\n\n<div data-block-name=\"woocommerce\/cart-totals-block\" class=\"wp-block-woocommerce-cart-totals-block\">\n<div data-block-name=\"woocommerce\/cart-order-summary-block\" class=\"wp-block-woocommerce-cart-order-summary-block\">\n<div data-block-name=\"woocommerce\/cart-order-summary-heading-block\" class=\"wp-block-woocommerce-cart-order-summary-heading-block\"><\/div><div data-block-name=\"woocommerce\/cart-order-summary-coupon-form-block\" class=\"wp-block-woocommerce-cart-order-summary-coupon-form-block\"><\/div><div data-block-name=\"woocommerce\/cart-order-summary-totals-block\" class=\"wp-block-woocommerce-cart-order-summary-totals-block\">\n<div data-block-name=\"woocommerce\/cart-order-summary-subtotal-block\" class=\"wp-block-woocommerce-cart-order-summary-subtotal-block\"><\/div>\n<div data-block-name=\"woocommerce\/cart-order-summary-discount-block\" class=\"wp-block-woocommerce-cart-order-summary-discount-block\"><\/div>\n<div data-block-name=\"woocommerce\/cart-order-summary-fee-block\" class=\"wp-block-woocommerce-cart-order-summary-fee-block\"><\/div>\n<div data-block-name=\"woocommerce\/cart-order-summary-shipping-block\" class=\"wp-block-woocommerce-cart-order-summary-shipping-block\"><\/div>\n<div data-block-name=\"woocommerce\/cart-order-summary-taxes-block\" class=\"wp-block-woocommerce-cart-order-summary-taxes-block\"><\/div><\/div>\n<\/div>\n\n\n\n<div data-block-name=\"woocommerce\/cart-express-payment-block\" class=\"wp-block-woocommerce-cart-express-payment-block\"><\/div>\n\n\n\n<div data-block-name=\"woocommerce\/proceed-to-checkout-block\" class=\"wp-block-woocommerce-proceed-to-checkout-block\"><\/div>\n\n\n\n<div data-block-name=\"woocommerce\/cart-accepted-payment-methods-block\" class=\"wp-block-woocommerce-cart-accepted-payment-methods-block\"><\/div>\n<\/div>\n<\/div>\n\n\n\n<div data-block-name=\"woocommerce\/empty-cart-block\" class=\"wp-block-woocommerce-empty-cart-block\">\n<h2 class=\"wp-block-heading has-text-align-center with-empty-cart-icon wc-block-cart__empty-cart__title\">Votre panier est actuellement vide\u00a0!<\/h2>\n\n\n\n<hr class=\"wp-block-separator has-alpha-channel-opacity is-style-dots\"\/>\n\n\n\n<h2 class=\"wp-block-heading has-text-align-center\">Nouveau dans la boutique<\/h2>\n\n\n<div data-block-name=\"woocommerce\/product-new\" data-columns=\"4\" data-rows=\"1\" class=\"wc-block-grid wp-block-product-new wp-block-woocommerce-product-new wc-block-product-new has-4-columns\"><ul class=\"wc-block-grid__products\"><li class=\"wc-block-grid__product\">\n\t\t\t\t<a href=\"https:\/\/www.anavoyantemedium.com\/?product=formule-harmonie\" class=\"wc-block-grid__product-link\">\n\t\t\t\t\t\n\t\t\t\t\t<div class=\"wc-block-grid__product-image\"><img loading=\"lazy\" decoding=\"async\" width=\"300\" height=\"300\" src=\"https:\/\/www.anavoyantemedium.com\/wp-content\/uploads\/2023\/11\/Ticket-HARMONIE-300x300.jpg\" class=\"attachment-woocommerce_thumbnail size-woocommerce_thumbnail\" alt=\"Formule Harmonie\" srcset=\"https:\/\/www.anavoyantemedium.com\/wp-content\/uploads\/2023\/11\/Ticket-HARMONIE-300x300.jpg 300w, https:\/\/www.anavoyantemedium.com\/wp-content\/uploads\/2023\/11\/Ticket-HARMONIE-150x150.jpg 150w, https:\/\/www.anavoyantemedium.com\/wp-content\/uploads\/2023\/11\/Ticket-HARMONIE-570x570.jpg 570w, https:\/\/www.anavoyantemedium.com\/wp-content\/uploads\/2023\/11\/Ticket-HARMONIE-380x380.jpg 380w, https:\/\/www.anavoyantemedium.com\/wp-content\/uploads\/2023\/11\/Ticket-HARMONIE-285x285.jpg 285w, https:\/\/www.anavoyantemedium.com\/wp-content\/uploads\/2023\/11\/Ticket-HARMONIE-100x100.jpg 100w\" sizes=\"auto, (max-width: 300px) 100vw, 300px\" \/><\/div>\n\t\t\t\t\t<div class=\"wc-block-grid__product-title\">Formule Harmonie<\/div>\n\t\t\t\t<\/a>\n\t\t\t\t<div class=\"wc-block-grid__product-price price\"><span class=\"woocommerce-Price-amount amount\">180,00&nbsp;<span class=\"woocommerce-Price-currencySymbol\">&euro;<\/span><\/span><\/div>\n\t\t\t\t\n\t\t\t\t<div class=\"wp-block-button wc-block-grid__product-add-to-cart\"><a href=\"\/index.php?rest_route=%2Fwp%2Fv2%2Fpages%2F564&#038;add-to-cart=581\" aria-label=\"Ajouter au panier\u00a0: &ldquo;Formule Harmonie&rdquo;\" data-quantity=\"1\" data-product_id=\"581\" data-product_sku=\"\" data-price=\"180\" rel=\"nofollow\" class=\"wp-block-button__link  add_to_cart_button ajax_add_to_cart\">Ajouter au panier<\/a><\/div>\n\t\t\t<\/li><li class=\"wc-block-grid__product\">\n\t\t\t\t<a href=\"https:\/\/www.anavoyantemedium.com\/?product=formule-5-tickets\" class=\"wc-block-grid__product-link\">\n\t\t\t\t\t\n\t\t\t\t\t<div class=\"wc-block-grid__product-image\"><img loading=\"lazy\" decoding=\"async\" width=\"300\" height=\"300\" src=\"https:\/\/www.anavoyantemedium.com\/wp-content\/uploads\/2023\/11\/tickets-1256PI-300x300.jpg\" class=\"attachment-woocommerce_thumbnail size-woocommerce_thumbnail\" alt=\"Formule 5 Tickets\" srcset=\"https:\/\/www.anavoyantemedium.com\/wp-content\/uploads\/2023\/11\/tickets-1256PI-300x300.jpg 300w, https:\/\/www.anavoyantemedium.com\/wp-content\/uploads\/2023\/11\/tickets-1256PI-150x150.jpg 150w, https:\/\/www.anavoyantemedium.com\/wp-content\/uploads\/2023\/11\/tickets-1256PI-285x285.jpg 285w, https:\/\/www.anavoyantemedium.com\/wp-content\/uploads\/2023\/11\/tickets-1256PI-100x100.jpg 100w\" sizes=\"auto, (max-width: 300px) 100vw, 300px\" \/><\/div>\n\t\t\t\t\t<div class=\"wc-block-grid__product-title\">Formule 5 Tickets<\/div>\n\t\t\t\t<\/a>\n\t\t\t\t<div class=\"wc-block-grid__product-price price\"><span class=\"woocommerce-Price-amount amount\">125,00&nbsp;<span class=\"woocommerce-Price-currencySymbol\">&euro;<\/span><\/span><\/div>\n\t\t\t\t\n\t\t\t\t<div class=\"wp-block-button wc-block-grid__product-add-to-cart\"><a href=\"\/index.php?rest_route=%2Fwp%2Fv2%2Fpages%2F564&#038;add-to-cart=579\" aria-label=\"Ajouter au panier\u00a0: &ldquo;Formule 5 Tickets&rdquo;\" data-quantity=\"1\" data-product_id=\"579\" data-product_sku=\"\" data-price=\"125\" rel=\"nofollow\" class=\"wp-block-button__link  add_to_cart_button ajax_add_to_cart\">Ajouter au panier<\/a><\/div>\n\t\t\t<\/li><li class=\"wc-block-grid__product\">\n\t\t\t\t<a href=\"https:\/\/www.anavoyantemedium.com\/?product=la-totale\" class=\"wc-block-grid__product-link\">\n\t\t\t\t\t\n\t\t\t\t\t<div class=\"wc-block-grid__product-image\"><img loading=\"lazy\" decoding=\"async\" width=\"300\" height=\"300\" src=\"https:\/\/www.anavoyantemedium.com\/wp-content\/uploads\/2023\/11\/La-Totale-Voyance-a-80E-h-300x300.jpg\" class=\"attachment-woocommerce_thumbnail size-woocommerce_thumbnail\" alt=\"La Totale\" srcset=\"https:\/\/www.anavoyantemedium.com\/wp-content\/uploads\/2023\/11\/La-Totale-Voyance-a-80E-h-300x300.jpg 300w, https:\/\/www.anavoyantemedium.com\/wp-content\/uploads\/2023\/11\/La-Totale-Voyance-a-80E-h-150x150.jpg 150w, https:\/\/www.anavoyantemedium.com\/wp-content\/uploads\/2023\/11\/La-Totale-Voyance-a-80E-h-570x570.jpg 570w, https:\/\/www.anavoyantemedium.com\/wp-content\/uploads\/2023\/11\/La-Totale-Voyance-a-80E-h-380x380.jpg 380w, https:\/\/www.anavoyantemedium.com\/wp-content\/uploads\/2023\/11\/La-Totale-Voyance-a-80E-h-285x285.jpg 285w, https:\/\/www.anavoyantemedium.com\/wp-content\/uploads\/2023\/11\/La-Totale-Voyance-a-80E-h-100x100.jpg 100w\" sizes=\"auto, (max-width: 300px) 100vw, 300px\" \/><\/div>\n\t\t\t\t\t<div class=\"wc-block-grid__product-title\">La Totale<\/div>\n\t\t\t\t<\/a>\n\t\t\t\t<div class=\"wc-block-grid__product-price price\"><span class=\"woocommerce-Price-amount amount\">80,00&nbsp;<span class=\"woocommerce-Price-currencySymbol\">&euro;<\/span><\/span><\/div>\n\t\t\t\t\n\t\t\t\t<div class=\"wp-block-button wc-block-grid__product-add-to-cart\"><a href=\"\/index.php?rest_route=%2Fwp%2Fv2%2Fpages%2F564&#038;add-to-cart=577\" aria-label=\"Ajouter au panier\u00a0: &ldquo;La Totale&rdquo;\" data-quantity=\"1\" data-product_id=\"577\" data-product_sku=\"\" data-price=\"80\" rel=\"nofollow\" class=\"wp-block-button__link  add_to_cart_button ajax_add_to_cart\">Ajouter au panier<\/a><\/div>\n\t\t\t<\/li><li class=\"wc-block-grid__product\">\n\t\t\t\t<a href=\"https:\/\/www.anavoyantemedium.com\/?product=seance-serenite\" class=\"wc-block-grid__product-link\">\n\t\t\t\t\t\n\t\t\t\t\t<div class=\"wc-block-grid__product-image\"><img loading=\"lazy\" decoding=\"async\" width=\"300\" height=\"300\" src=\"https:\/\/www.anavoyantemedium.com\/wp-content\/uploads\/2023\/11\/Seanace-Serenite-300x300.jpg\" class=\"attachment-woocommerce_thumbnail size-woocommerce_thumbnail\" alt=\"S\u00e9ance S\u00e9r\u00e9nit\u00e9\" srcset=\"https:\/\/www.anavoyantemedium.com\/wp-content\/uploads\/2023\/11\/Seanace-Serenite-300x300.jpg 300w, https:\/\/www.anavoyantemedium.com\/wp-content\/uploads\/2023\/11\/Seanace-Serenite-150x150.jpg 150w, https:\/\/www.anavoyantemedium.com\/wp-content\/uploads\/2023\/11\/Seanace-Serenite-570x570.jpg 570w, https:\/\/www.anavoyantemedium.com\/wp-content\/uploads\/2023\/11\/Seanace-Serenite-380x380.jpg 380w, https:\/\/www.anavoyantemedium.com\/wp-content\/uploads\/2023\/11\/Seanace-Serenite-285x285.jpg 285w, https:\/\/www.anavoyantemedium.com\/wp-content\/uploads\/2023\/11\/Seanace-Serenite-100x100.jpg 100w\" sizes=\"auto, (max-width: 300px) 100vw, 300px\" \/><\/div>\n\t\t\t\t\t<div class=\"wc-block-grid__product-title\">S\u00e9ance S\u00e9r\u00e9nit\u00e9<\/div>\n\t\t\t\t<\/a>\n\t\t\t\t<div class=\"wc-block-grid__product-price price\"><span class=\"woocommerce-Price-amount amount\">60,00&nbsp;<span class=\"woocommerce-Price-currencySymbol\">&euro;<\/span><\/span><\/div>\n\t\t\t\t\n\t\t\t\t<div class=\"wp-block-button wc-block-grid__product-add-to-cart\"><a href=\"\/index.php?rest_route=%2Fwp%2Fv2%2Fpages%2F564&#038;add-to-cart=575\" aria-label=\"Ajouter au panier\u00a0: &ldquo;S\u00e9ance S\u00e9r\u00e9nit\u00e9&rdquo;\" data-quantity=\"1\" data-product_id=\"575\" data-product_sku=\"\" data-price=\"60\" rel=\"nofollow\" class=\"wp-block-button__link  add_to_cart_button ajax_add_to_cart\">Ajouter au panier<\/a><\/div>\n\t\t\t<\/li><\/ul><\/div><\/div>\n<\/div>\n","protected":false},"excerpt":{"rendered":"","protected":false},"author":1,"featured_media":0,"parent":0,"menu_order":0,"comment_status":"closed","ping_status":"closed","template":"","meta":{"footnotes":""},"class_list":["post-564","page","type-page","status-publish","hentry"],"_links":{"self":[{"href":"https:\/\/www.anavoyantemedium.com\/index.php?rest_route=\/wp\/v2\/pages\/564","targetHints":{"allow":["GET"]}}],"collection":[{"href":"https:\/\/www.anavoyantemedium.com\/index.php?rest_route=\/wp\/v2\/pages"}],"about":[{"href":"https:\/\/www.anavoyantemedium.com\/index.php?rest_route=\/wp\/v2\/types\/page"}],"author":[{"embeddable":true,"href":"https:\/\/www.anavoyantemedium.com\/index.php?rest_route=\/wp\/v2\/users\/1"}],"replies":[{"embeddable":true,"href":"https:\/\/www.anavoyantemedium.com\/index.php?rest_route=%2Fwp%2Fv2%2Fcomments&post=564"}],"version-history":[{"count":1,"href":"https:\/\/www.anavoyantemedium.com\/index.php?rest_route=\/wp\/v2\/pages\/564\/revisions"}],"predecessor-version":[{"id":587,"href":"https:\/\/www.anavoyantemedium.com\/index.php?rest_route=\/wp\/v2\/pages\/564\/revisions\/587"}],"wp:attachment":[{"href":"https:\/\/www.anavoyantemedium.com\/index.php?rest_route=%2Fwp%2Fv2%2Fmedia&parent=564"}],"curies":[{"name":"wp","href":"https:\/\/api.w.org\/{rel}","templated":true}]}}