{"id":571,"date":"2023-11-29T14:48:25","date_gmt":"2023-11-29T13:48:25","guid":{"rendered":"https:\/\/www.anavoyantemedium.com\/?post_type=product&#038;p=571"},"modified":"2023-12-03T17:40:34","modified_gmt":"2023-12-03T16:40:34","slug":"consultation-par-telephone-seance-25-min","status":"publish","type":"product","link":"https:\/\/www.anavoyantemedium.com\/?product=consultation-par-telephone-seance-25-min","title":{"rendered":"Voyance Flash"},"content":{"rendered":"<p>Une question simple dans un domaine d\u00e9termin\u00e9 : sentimental, professionnel, social, mat\u00e9riel&#8230;<br \/>\nDur\u00e9e 20 min.<br \/>\n38 \u20ac<\/p>\n","protected":false},"excerpt":{"rendered":"<p>Une question simple dans un domaine d\u00e9termin\u00e9 : sentimental, professionnel, social, mat\u00e9riel&#8230;<br \/>\nDur\u00e9e 20 min.<br \/>\n38 EUR.<\/p>\n[caption id=\"attachment_574\" align=\"alignnone\" width=\"300\"]<a href=\"https:\/\/www.anavoyantemedium.com\/wp-content\/uploads\/2023\/11\/Yeux-Ana.jpg\"><img loading=\"lazy\" decoding=\"async\" class=\"size-medium wp-image-574\" src=\"https:\/\/www.anavoyantemedium.com\/wp-content\/uploads\/2023\/11\/Yeux-Ana-300x107.jpg\" alt=\"Yeux Ana\" width=\"300\" height=\"107\" srcset=\"https:\/\/www.anavoyantemedium.com\/wp-content\/uploads\/2023\/11\/Yeux-Ana-300x107.jpg 300w, https:\/\/www.anavoyantemedium.com\/wp-content\/uploads\/2023\/11\/Yeux-Ana-600x214.jpg 600w, https:\/\/www.anavoyantemedium.com\/wp-content\/uploads\/2023\/11\/Yeux-Ana.jpg 675w\" sizes=\"auto, (max-width: 300px) 100vw, 300px\" \/><\/a> Yeux Ana[\/caption]\n","protected":false},"featured_media":574,"comment_status":"open","ping_status":"closed","template":"","meta":[],"product_brand":[],"product_cat":[57],"product_tag":[],"class_list":{"0":"post-571","1":"product","2":"type-product","3":"status-publish","4":"has-post-thumbnail","6":"product_cat-non-classe","8":"first","9":"instock","10":"virtual","11":"purchasable","12":"product-type-simple"},"_links":{"self":[{"href":"https:\/\/www.anavoyantemedium.com\/index.php?rest_route=\/wp\/v2\/product\/571","targetHints":{"allow":["GET"]}}],"collection":[{"href":"https:\/\/www.anavoyantemedium.com\/index.php?rest_route=\/wp\/v2\/product"}],"about":[{"href":"https:\/\/www.anavoyantemedium.com\/index.php?rest_route=\/wp\/v2\/types\/product"}],"replies":[{"embeddable":true,"href":"https:\/\/www.anavoyantemedium.com\/index.php?rest_route=%2Fwp%2Fv2%2Fcomments&post=571"}],"wp:featuredmedia":[{"embeddable":true,"href":"https:\/\/www.anavoyantemedium.com\/index.php?rest_route=\/wp\/v2\/media\/574"}],"wp:attachment":[{"href":"https:\/\/www.anavoyantemedium.com\/index.php?rest_route=%2Fwp%2Fv2%2Fmedia&parent=571"}],"wp:term":[{"taxonomy":"product_brand","embeddable":true,"href":"https:\/\/www.anavoyantemedium.com\/index.php?rest_route=%2Fwp%2Fv2%2Fproduct_brand&post=571"},{"taxonomy":"product_cat","embeddable":true,"href":"https:\/\/www.anavoyantemedium.com\/index.php?rest_route=%2Fwp%2Fv2%2Fproduct_cat&post=571"},{"taxonomy":"product_tag","embeddable":true,"href":"https:\/\/www.anavoyantemedium.com\/index.php?rest_route=%2Fwp%2Fv2%2Fproduct_tag&post=571"}],"curies":[{"name":"wp","href":"https:\/\/api.w.org\/{rel}","templated":true}]}}