{"id":575,"date":"2023-11-30T14:17:22","date_gmt":"2023-11-30T13:17:22","guid":{"rendered":"https:\/\/www.anavoyantemedium.com\/?post_type=product&#038;p=575"},"modified":"2023-12-03T17:39:39","modified_gmt":"2023-12-03T16:39:39","slug":"seance-serenite","status":"publish","type":"product","link":"https:\/\/www.anavoyantemedium.com\/?product=seance-serenite","title":{"rendered":"S\u00e9ance S\u00e9r\u00e9nit\u00e9"},"content":{"rendered":"<p><a href=\"https:\/\/www.anavoyantemedium.com\/wp-content\/uploads\/2023\/11\/Seanace-Serenite.jpg\"><img loading=\"lazy\" decoding=\"async\" class=\"alignnone size-medium wp-image-576\" src=\"https:\/\/www.anavoyantemedium.com\/wp-content\/uploads\/2023\/11\/Seanace-Serenite-300x225.jpg\" alt=\"\" width=\"300\" height=\"225\" srcset=\"https:\/\/www.anavoyantemedium.com\/wp-content\/uploads\/2023\/11\/Seanace-Serenite-300x225.jpg 300w, https:\/\/www.anavoyantemedium.com\/wp-content\/uploads\/2023\/11\/Seanace-Serenite-768x576.jpg 768w, https:\/\/www.anavoyantemedium.com\/wp-content\/uploads\/2023\/11\/Seanace-Serenite-600x450.jpg 600w, https:\/\/www.anavoyantemedium.com\/wp-content\/uploads\/2023\/11\/Seanace-Serenite.jpg 1024w\" sizes=\"auto, (max-width: 300px) 100vw, 300px\" \/><\/a><\/p>\n<p>Voyance \u00ab\u00a0Comment \u00e9voluera ma situation ? \u00ab\u00a0.<\/p>\n<p>Dur\u00e9e 40 min.<\/p>\n<p>60 \u20ac<\/p>\n","protected":false},"excerpt":{"rendered":"<p><a href=\"https:\/\/www.anavoyantemedium.com\/wp-content\/uploads\/2023\/11\/Seanace-Serenite.jpg\"><img loading=\"lazy\" decoding=\"async\" class=\"alignnone size-medium wp-image-576\" src=\"https:\/\/www.anavoyantemedium.com\/wp-content\/uploads\/2023\/11\/Seanace-Serenite-300x225.jpg\" alt=\"\" width=\"300\" height=\"225\" srcset=\"https:\/\/www.anavoyantemedium.com\/wp-content\/uploads\/2023\/11\/Seanace-Serenite-300x225.jpg 300w, https:\/\/www.anavoyantemedium.com\/wp-content\/uploads\/2023\/11\/Seanace-Serenite-768x576.jpg 768w, https:\/\/www.anavoyantemedium.com\/wp-content\/uploads\/2023\/11\/Seanace-Serenite-600x450.jpg 600w, https:\/\/www.anavoyantemedium.com\/wp-content\/uploads\/2023\/11\/Seanace-Serenite.jpg 1024w\" sizes=\"auto, (max-width: 300px) 100vw, 300px\" \/><\/a><\/p>\n<p>Voyance \u00ab\u00a0Comment \u00e9voluera ma situation ? \u00ab\u00a0.<\/p>\n<p>Dur\u00e9e 40 min.<\/p>\n<p>60 \u20ac<\/p>\n","protected":false},"featured_media":576,"comment_status":"open","ping_status":"closed","template":"","meta":[],"product_brand":[],"product_cat":[59],"product_tag":[],"class_list":{"0":"post-575","1":"product","2":"type-product","3":"status-publish","4":"has-post-thumbnail","6":"product_cat-voyance","8":"first","9":"instock","10":"virtual","11":"purchasable","12":"product-type-simple"},"_links":{"self":[{"href":"https:\/\/www.anavoyantemedium.com\/index.php?rest_route=\/wp\/v2\/product\/575","targetHints":{"allow":["GET"]}}],"collection":[{"href":"https:\/\/www.anavoyantemedium.com\/index.php?rest_route=\/wp\/v2\/product"}],"about":[{"href":"https:\/\/www.anavoyantemedium.com\/index.php?rest_route=\/wp\/v2\/types\/product"}],"replies":[{"embeddable":true,"href":"https:\/\/www.anavoyantemedium.com\/index.php?rest_route=%2Fwp%2Fv2%2Fcomments&post=575"}],"wp:featuredmedia":[{"embeddable":true,"href":"https:\/\/www.anavoyantemedium.com\/index.php?rest_route=\/wp\/v2\/media\/576"}],"wp:attachment":[{"href":"https:\/\/www.anavoyantemedium.com\/index.php?rest_route=%2Fwp%2Fv2%2Fmedia&parent=575"}],"wp:term":[{"taxonomy":"product_brand","embeddable":true,"href":"https:\/\/www.anavoyantemedium.com\/index.php?rest_route=%2Fwp%2Fv2%2Fproduct_brand&post=575"},{"taxonomy":"product_cat","embeddable":true,"href":"https:\/\/www.anavoyantemedium.com\/index.php?rest_route=%2Fwp%2Fv2%2Fproduct_cat&post=575"},{"taxonomy":"product_tag","embeddable":true,"href":"https:\/\/www.anavoyantemedium.com\/index.php?rest_route=%2Fwp%2Fv2%2Fproduct_tag&post=575"}],"curies":[{"name":"wp","href":"https:\/\/api.w.org\/{rel}","templated":true}]}}